{"id":946,"date":"2026-02-27T22:51:00","date_gmt":"2026-02-27T20:51:00","guid":{"rendered":"https:\/\/puustiset.com\/?page_id=946"},"modified":"2026-02-27T23:37:31","modified_gmt":"2026-02-27T21:37:31","slug":"jasenyys","status":"publish","type":"page","link":"https:\/\/puustiset.com\/index.php\/jasenyys\/","title":{"rendered":"J\u00e4senyys"},"content":{"rendered":"\n<p>Sukuseuran varsinaiseksi j\u00e4seneksi voidaan hyv\u00e4ksy\u00e4 jokainen\u00a015 vuotta t\u00e4ytt\u00e4nyt henkil\u00f6,\u00a0joka is\u00e4n tai \u00e4idin puolelta on sukuun kuuluva tai t\u00e4m\u00e4n puoliso. <\/p>\n\n\n\n<p>Kannatusj\u00e4seneksi voidaan hyv\u00e4ksy\u00e4 yksityinen henkil\u00f6 tai oikeuskelpoinen yhteis\u00f6, joka haluaa tukea seuran tarkoitusta ja toimintaa.<\/p>\n\n\n\n<p>Tervetuloa j\u00e4seneksemme mukavaan seuraan!<\/p>\n\n\n\n<p><\/p>\n","protected":false},"excerpt":{"rendered":"<p>Sukuseuran varsinaiseksi j\u00e4seneksi voidaan hyv\u00e4ksy\u00e4 jokainen\u00a015 vuotta t\u00e4ytt\u00e4nyt henkil\u00f6,\u00a0joka is\u00e4n tai \u00e4idin puolelta on sukuun kuuluva tai t\u00e4m\u00e4n puoliso. Kannatusj\u00e4seneksi voidaan hyv\u00e4ksy\u00e4 yksityinen henkil\u00f6 tai oikeuskelpoinen yhteis\u00f6, joka haluaa tukea seuran tarkoitusta ja toimintaa. Tervetuloa j\u00e4seneksemme mukavaan seuraan!<\/p>\n","protected":false},"author":1,"featured_media":0,"parent":0,"menu_order":0,"comment_status":"closed","ping_status":"closed","template":"","meta":{"footnotes":""},"class_list":["post-946","page","type-page","status-publish","hentry"],"_links":{"self":[{"href":"https:\/\/puustiset.com\/index.php\/wp-json\/wp\/v2\/pages\/946","targetHints":{"allow":["GET"]}}],"collection":[{"href":"https:\/\/puustiset.com\/index.php\/wp-json\/wp\/v2\/pages"}],"about":[{"href":"https:\/\/puustiset.com\/index.php\/wp-json\/wp\/v2\/types\/page"}],"author":[{"embeddable":true,"href":"https:\/\/puustiset.com\/index.php\/wp-json\/wp\/v2\/users\/1"}],"replies":[{"embeddable":true,"href":"https:\/\/puustiset.com\/index.php\/wp-json\/wp\/v2\/comments?post=946"}],"version-history":[{"count":2,"href":"https:\/\/puustiset.com\/index.php\/wp-json\/wp\/v2\/pages\/946\/revisions"}],"predecessor-version":[{"id":955,"href":"https:\/\/puustiset.com\/index.php\/wp-json\/wp\/v2\/pages\/946\/revisions\/955"}],"wp:attachment":[{"href":"https:\/\/puustiset.com\/index.php\/wp-json\/wp\/v2\/media?parent=946"}],"curies":[{"name":"wp","href":"https:\/\/api.w.org\/{rel}","templated":true}]}}