{"id":7,"date":"2015-05-21T11:51:59","date_gmt":"2015-05-21T08:51:59","guid":{"rendered":"http:\/\/puustiset.com\/puustiset\/?page_id=7"},"modified":"2019-06-30T18:58:32","modified_gmt":"2019-06-30T15:58:32","slug":"historiaa","status":"publish","type":"page","link":"https:\/\/puustiset.com\/index.php\/historiaa\/","title":{"rendered":"Puustisten historiaa"},"content":{"rendered":"<h2><strong>Tutustu Ari Kolehmaisen raporttiin\u00a0<a href=\"https:\/\/puustiset.com\/puustiset\/wp-content\/uploads\/2015\/05\/Puustisten-suvun-alkuvaiheet-1.pdf\">Puustisten suvun alkuvaiheet<\/a>.<br \/>\n<\/strong><\/h2>\n<h2><\/h2>\n<h2><strong><br \/>\nMist\u00e4 sit\u00e4 ollaan kotoisin<\/strong><\/h2>\n<p>Emme viel\u00e4 tied\u00e4, tulivatko ensimm\u00e4iset Puustiset Savoon Karjalan Kannakselta, Laatokan rannoilta vai Lounais-Suomesta, mutta veroluetteloiden mukaan, jotka olivat tietol\u00e4htein\u00e4 ennen kirkonkirjoja, vuonna 1541 S\u00e4\u00e4mingin pit\u00e4j\u00e4n veroluettelossa olivat verotettavana Joan Puustisen pojat Peer ja Henrick Pustin.<\/p>\n<p>Vuosisadat 1500-1600 olivat rajasotien aikaa ja ennen kaikkea 1655-60 k\u00e4yty ns. ruptuurisota tyhjensi ortodoksisen Pohjois-Karjalan. Vuoteen 1650 menness\u00e4 muutti Savosta Pohjois-Karjalaan yli 600 perhett\u00e4 ja ainakin saman verran vuosisadan loppupuolellakin.<\/p>\n<p>N\u00e4ihin muuttoihin sis\u00e4ltyi useampiakin Puustisten perheit\u00e4. Er\u00e4s heist\u00e4 oli P\u00e5hl Pustin.<\/p>\n<p>Kun Suuren Pohjan sodan eli Ison Vihan j\u00e4lkeen Tohmaj\u00e4rven kirkonkirjat aloitettiin vuonna 1733, siihen merkittiin Peter P\u00e5hlsson Pustin s. 1676 ja h\u00e4nen vaimonsa Carin Rigoin s. 1671 ja heid\u00e4n poikansa, joka sai nimeksi isois\u00e4n mukaan P\u00e5hl s. 2.5.1721 ja h\u00e4nen vaimonsa Eva Pelkin s. 1722.<\/p>\n<p>Pohjois-Karjalan Puustiset ry-sukuseura tutkii Peter P\u00e5hlsson Pustinin s. 1676 ja Carin Rigoinin s. 1671 j\u00e4lkel\u00e4isi\u00e4.<\/p>\n","protected":false},"excerpt":{"rendered":"<p>Tutustu Ari Kolehmaisen raporttiin\u00a0Puustisten suvun alkuvaiheet. Mist\u00e4 sit\u00e4 ollaan kotoisin Emme viel\u00e4 tied\u00e4, tulivatko ensimm\u00e4iset Puustiset Savoon Karjalan Kannakselta, Laatokan rannoilta vai Lounais-Suomesta, mutta veroluetteloiden mukaan, jotka olivat tietol\u00e4htein\u00e4 ennen kirkonkirjoja, vuonna 1541 S\u00e4\u00e4mingin pit\u00e4j\u00e4n veroluettelossa olivat verotettavana Joan Puustisen pojat Peer ja Henrick Pustin. Vuosisadat 1500-1600 olivat rajasotien aikaa ja ennen kaikkea 1655-60 k\u00e4yty &hellip; <a href=\"https:\/\/puustiset.com\/index.php\/historiaa\/\" class=\"more-link\">Jatka lukemista<span class=\"screen-reader-text\"> &#8221;Puustisten historiaa&#8221;<\/span><\/a><\/p>\n","protected":false},"author":1,"featured_media":0,"parent":0,"menu_order":0,"comment_status":"closed","ping_status":"closed","template":"","meta":{"footnotes":""},"class_list":["post-7","page","type-page","status-publish","hentry"],"_links":{"self":[{"href":"https:\/\/puustiset.com\/index.php\/wp-json\/wp\/v2\/pages\/7","targetHints":{"allow":["GET"]}}],"collection":[{"href":"https:\/\/puustiset.com\/index.php\/wp-json\/wp\/v2\/pages"}],"about":[{"href":"https:\/\/puustiset.com\/index.php\/wp-json\/wp\/v2\/types\/page"}],"author":[{"embeddable":true,"href":"https:\/\/puustiset.com\/index.php\/wp-json\/wp\/v2\/users\/1"}],"replies":[{"embeddable":true,"href":"https:\/\/puustiset.com\/index.php\/wp-json\/wp\/v2\/comments?post=7"}],"version-history":[{"count":4,"href":"https:\/\/puustiset.com\/index.php\/wp-json\/wp\/v2\/pages\/7\/revisions"}],"predecessor-version":[{"id":188,"href":"https:\/\/puustiset.com\/index.php\/wp-json\/wp\/v2\/pages\/7\/revisions\/188"}],"wp:attachment":[{"href":"https:\/\/puustiset.com\/index.php\/wp-json\/wp\/v2\/media?parent=7"}],"curies":[{"name":"wp","href":"https:\/\/api.w.org\/{rel}","templated":true}]}}