{"id":607,"date":"2026-01-09T18:16:37","date_gmt":"2026-01-09T16:16:37","guid":{"rendered":"https:\/\/puustiset.com\/?page_id=607"},"modified":"2026-01-26T18:00:51","modified_gmt":"2026-01-26T16:00:51","slug":"jasenmateriaali","status":"publish","type":"page","link":"https:\/\/puustiset.com\/index.php\/jasenmateriaali\/","title":{"rendered":"J\u00e4senmateriaali"},"content":{"rendered":"\n<hr class=\"wp-block-separator has-alpha-channel-opacity is-style-wide\"\/>\n\n\n\n<div class=\"wp-block-file\"><a id=\"wp-block-file--media-516f151e-a283-422f-8957-efc54a6f094f\" href=\"https:\/\/puustiset.com\/puustiset\/wp-content\/uploads\/2026\/01\/Lahjakirja-Puustiset-2025_uusi.pdf\">Lahjakirja &#8211; Puustiset &#8211; 2025_uusi<\/a><a href=\"https:\/\/puustiset.com\/puustiset\/wp-content\/uploads\/2026\/01\/Lahjakirja-Puustiset-2025_uusi.pdf\" class=\"wp-block-file__button wp-element-button\" download aria-describedby=\"wp-block-file--media-516f151e-a283-422f-8957-efc54a6f094f\">Lataa<\/a><\/div>\n\n\n\n<p>Lahjoituskaavake (PDF)<\/p>\n\n\n\n<hr class=\"wp-block-separator has-alpha-channel-opacity is-style-wide\"\/>\n\n\n\n<div class=\"wp-block-file\"><a id=\"wp-block-file--media-c5d2328a-1f38-4b24-a374-5ef1fb507fff\" href=\"https:\/\/puustiset.com\/puustiset\/wp-content\/uploads\/2026\/01\/Kyselykaavake-1v5-tyhjat-kentat.pdf\">Kyselykaavake 1v5 tyhj\u00e4t kent\u00e4t<\/a><a href=\"https:\/\/puustiset.com\/puustiset\/wp-content\/uploads\/2026\/01\/Kyselykaavake-1v5-tyhjat-kentat.pdf\" class=\"wp-block-file__button wp-element-button\" download aria-describedby=\"wp-block-file--media-c5d2328a-1f38-4b24-a374-5ef1fb507fff\">Lataa<\/a><\/div>\n\n\n\n<p>T\u00e4ydennykset sukutauluun (PDF)<\/p>\n\n\n\n<hr class=\"wp-block-separator has-alpha-channel-opacity is-style-wide\"\/>\n\n\n\n<div class=\"wp-block-file\"><a id=\"wp-block-file--media-fa359eaa-214d-4329-a5f2-a6cd69223d7b\" href=\"https:\/\/puustiset.com\/puustiset\/wp-content\/uploads\/2026\/01\/Kyselykaavake-1v5-taytettavat-kentat.docx\">Kyselykaavake 1v5 t\u00e4ytett\u00e4v\u00e4t kent\u00e4t<\/a><a href=\"https:\/\/puustiset.com\/puustiset\/wp-content\/uploads\/2026\/01\/Kyselykaavake-1v5-taytettavat-kentat.docx\" class=\"wp-block-file__button wp-element-button\" download aria-describedby=\"wp-block-file--media-fa359eaa-214d-4329-a5f2-a6cd69223d7b\">Lataa<\/a><\/div>\n\n\n\n<p>T\u00e4ydennykset sukutauluun (DOC)<\/p>\n\n\n\n<hr class=\"wp-block-separator has-alpha-channel-opacity is-style-wide\"\/>\n\n\n\n<div class=\"wp-block-file\"><a id=\"wp-block-file--media-a099ea14-8747-42d0-acb7-b69252ae1104\" href=\"https:\/\/puustiset.com\/puustiset\/wp-content\/uploads\/2026\/01\/Sukuseuran-saannot.pdf\">Sukuseuran s\u00e4\u00e4nn\u00f6t<\/a><a href=\"https:\/\/puustiset.com\/puustiset\/wp-content\/uploads\/2026\/01\/Sukuseuran-saannot.pdf\" class=\"wp-block-file__button wp-element-button\" download aria-describedby=\"wp-block-file--media-a099ea14-8747-42d0-acb7-b69252ae1104\">Lataa<\/a><\/div>\n\n\n\n<p>Sukuseuran s\u00e4\u00e4nn\u00f6t (PDF)<\/p>\n\n\n\n<hr class=\"wp-block-separator has-alpha-channel-opacity is-style-wide\"\/>\n\n\n\n<div class=\"wp-block-file\"><a id=\"wp-block-file--media-cc9de25a-fb7f-4059-9ac0-0bed3ab6e657\" href=\"https:\/\/puustiset.com\/puustiset\/wp-content\/uploads\/2026\/01\/Sukumme-historian-tallennus-Ohje.pdf\">Sukumme historian tallennus &#8211; Ohje<\/a><a href=\"https:\/\/puustiset.com\/puustiset\/wp-content\/uploads\/2026\/01\/Sukumme-historian-tallennus-Ohje.pdf\" class=\"wp-block-file__button wp-element-button\" download aria-describedby=\"wp-block-file--media-cc9de25a-fb7f-4059-9ac0-0bed3ab6e657\">Lataa<\/a><\/div>\n\n\n\n<p>Kuvien ja tarinoiden tallennus (PDF)<\/p>\n","protected":false},"excerpt":{"rendered":"<p>Lahjoituskaavake (PDF) T\u00e4ydennykset sukutauluun (PDF) T\u00e4ydennykset sukutauluun (DOC) Sukuseuran s\u00e4\u00e4nn\u00f6t (PDF) Kuvien ja tarinoiden tallennus (PDF)<\/p>\n","protected":false},"author":1,"featured_media":0,"parent":0,"menu_order":0,"comment_status":"closed","ping_status":"closed","template":"","meta":{"footnotes":""},"class_list":["post-607","page","type-page","status-publish","hentry"],"_links":{"self":[{"href":"https:\/\/puustiset.com\/index.php\/wp-json\/wp\/v2\/pages\/607","targetHints":{"allow":["GET"]}}],"collection":[{"href":"https:\/\/puustiset.com\/index.php\/wp-json\/wp\/v2\/pages"}],"about":[{"href":"https:\/\/puustiset.com\/index.php\/wp-json\/wp\/v2\/types\/page"}],"author":[{"embeddable":true,"href":"https:\/\/puustiset.com\/index.php\/wp-json\/wp\/v2\/users\/1"}],"replies":[{"embeddable":true,"href":"https:\/\/puustiset.com\/index.php\/wp-json\/wp\/v2\/comments?post=607"}],"version-history":[{"count":6,"href":"https:\/\/puustiset.com\/index.php\/wp-json\/wp\/v2\/pages\/607\/revisions"}],"predecessor-version":[{"id":671,"href":"https:\/\/puustiset.com\/index.php\/wp-json\/wp\/v2\/pages\/607\/revisions\/671"}],"wp:attachment":[{"href":"https:\/\/puustiset.com\/index.php\/wp-json\/wp\/v2\/media?parent=607"}],"curies":[{"name":"wp","href":"https:\/\/api.w.org\/{rel}","templated":true}]}}