{"id":484,"date":"2026-01-07T16:40:34","date_gmt":"2026-01-07T14:40:34","guid":{"rendered":"https:\/\/puustiset.com\/?page_id=484"},"modified":"2026-01-26T17:49:37","modified_gmt":"2026-01-26T15:49:37","slug":"kuvat-ja-videot","status":"publish","type":"page","link":"https:\/\/puustiset.com\/index.php\/kuvat-ja-videot\/","title":{"rendered":"Kuvat ja videot"},"content":{"rendered":"\n<p>Puustisten suvun historiaa, tapahtumia ja yhteisi\u00e4 hetki\u00e4 on tallennettu vuosikymmenten ajan kuviin, karttoihin, dokumentteihin ja sukutapahtumien gallerioihin.<br>T\u00e4lt\u00e4 sivulta l\u00f6yd\u00e4t linkit kaikkiin kuvallisiin aineistoihin.<\/p>\n\n\n\n<div class=\"wp-block-columns is-layout-flex wp-container-core-columns-is-layout-9d6595d7 wp-block-columns-is-layout-flex\">\n<div class=\"wp-block-column is-layout-flow wp-block-column-is-layout-flow\">\n<p>Vanhoja valokuvia Puustisten suvusta eri vuosikymmenilt\u00e4.<\/p>\n\n\n\n<div class=\"wp-block-buttons is-layout-flex wp-container-core-buttons-is-layout-6b4e3324 wp-block-buttons-is-layout-flex\">\n<div class=\"wp-block-button\"><a class=\"wp-block-button__link has-small-font-size has-custom-font-size wp-element-button\" href=\"https:\/\/puustiset.com\/index.php\/kuvat-ja-videot\/historialliset-kuvat\/\">Avaa historialliset kuvat<\/a><\/div>\n<\/div>\n<\/div>\n\n\n\n<div class=\"wp-block-column is-layout-flow wp-block-column-is-layout-flow\">\n<p>Suvun historiaan liittyvi\u00e4 karttoja, asiakirjoja ja muita tallenteita.<\/p>\n\n\n\n<div class=\"wp-block-buttons is-layout-flex wp-block-buttons-is-layout-flex\">\n<div class=\"wp-block-button\"><a class=\"wp-block-button__link has-small-font-size has-custom-font-size wp-element-button\" href=\"https:\/\/puustiset.com\/index.php\/kuvat-ja-videot\/kartat-dokumentit\/\">Avaa kartat ja dokumentit<\/a><\/div>\n<\/div>\n<\/div>\n\n\n\n<div class=\"wp-block-column is-layout-flow wp-block-column-is-layout-flow\">\n<p>Kuvia eri vuosien tapaamisista, juhlista ja yhteisist\u00e4 hetkist\u00e4.<\/p>\n\n\n\n<div class=\"wp-block-buttons is-layout-flex wp-block-buttons-is-layout-flex\">\n<div class=\"wp-block-button is-style-fill\"><a class=\"wp-block-button__link has-small-font-size has-custom-font-size wp-element-button\" href=\"https:\/\/puustiset.com\/index.php\/kuvat-ja-videot\/sukutapahtumat\/\">Avaa sukutapahtumien kuvat<\/a><\/div>\n<\/div>\n<\/div>\n<\/div>\n\n\n\n<p class=\"has-bright-blue-color has-light-gray-background-color has-text-color has-background has-link-color wp-elements-2dd0deda06016fe98e426c4750b55e7e\"><strong>Onko sinulla vanhoja valokuvia, karttoja, dokumentteja tai videoita Puustisten suvusta?<\/strong> <strong>Voit l\u00e4hett\u00e4\u00e4 niit\u00e4 meille \u2014 autamme mielell\u00e4mme tallentamaan ja jakamaan suvun historiaa tuleville sukupolville.<\/strong><\/p>\n\n\n\n<p><strong>Valokuvien, videoiden, karttojen ja tarinoiden tallennus sukuseuran arkistoon tapahtuu alla olevalla linkill\u00e4:<\/strong><\/p>\n\n\n\n<p><a href=\"https:\/\/forms.gle\/cjngJ4rMtN7fQHTy6\">https:\/\/forms.gle\/cjngJ4rMtN7fQHTy6<\/a><\/p>\n","protected":false},"excerpt":{"rendered":"<p>Puustisten suvun historiaa, tapahtumia ja yhteisi\u00e4 hetki\u00e4 on tallennettu vuosikymmenten ajan kuviin, karttoihin, dokumentteihin ja sukutapahtumien gallerioihin.T\u00e4lt\u00e4 sivulta l\u00f6yd\u00e4t linkit kaikkiin kuvallisiin aineistoihin. Vanhoja valokuvia Puustisten suvusta eri vuosikymmenilt\u00e4. Suvun historiaan liittyvi\u00e4 karttoja, asiakirjoja ja muita tallenteita. Kuvia eri vuosien tapaamisista, juhlista ja yhteisist\u00e4 hetkist\u00e4. Onko sinulla vanhoja valokuvia, karttoja, dokumentteja tai videoita Puustisten suvusta? &hellip; <a href=\"https:\/\/puustiset.com\/index.php\/kuvat-ja-videot\/\" class=\"more-link\">Jatka lukemista<span class=\"screen-reader-text\"> &#8221;Kuvat ja videot&#8221;<\/span><\/a><\/p>\n","protected":false},"author":1,"featured_media":0,"parent":0,"menu_order":6,"comment_status":"closed","ping_status":"closed","template":"","meta":{"footnotes":""},"class_list":["post-484","page","type-page","status-publish","hentry"],"_links":{"self":[{"href":"https:\/\/puustiset.com\/index.php\/wp-json\/wp\/v2\/pages\/484","targetHints":{"allow":["GET"]}}],"collection":[{"href":"https:\/\/puustiset.com\/index.php\/wp-json\/wp\/v2\/pages"}],"about":[{"href":"https:\/\/puustiset.com\/index.php\/wp-json\/wp\/v2\/types\/page"}],"author":[{"embeddable":true,"href":"https:\/\/puustiset.com\/index.php\/wp-json\/wp\/v2\/users\/1"}],"replies":[{"embeddable":true,"href":"https:\/\/puustiset.com\/index.php\/wp-json\/wp\/v2\/comments?post=484"}],"version-history":[{"count":3,"href":"https:\/\/puustiset.com\/index.php\/wp-json\/wp\/v2\/pages\/484\/revisions"}],"predecessor-version":[{"id":664,"href":"https:\/\/puustiset.com\/index.php\/wp-json\/wp\/v2\/pages\/484\/revisions\/664"}],"wp:attachment":[{"href":"https:\/\/puustiset.com\/index.php\/wp-json\/wp\/v2\/media?parent=484"}],"curies":[{"name":"wp","href":"https:\/\/api.w.org\/{rel}","templated":true}]}}