{"id":360,"date":"2026-01-04T21:21:59","date_gmt":"2026-01-04T19:21:59","guid":{"rendered":"https:\/\/puustiset.com\/?page_id=360"},"modified":"2026-02-27T23:24:08","modified_gmt":"2026-02-27T21:24:08","slug":"etusivu","status":"publish","type":"page","link":"https:\/\/puustiset.com\/","title":{"rendered":"Etusivu"},"content":{"rendered":"\n<p>Tervetuloa Pohjois-Karjalan Puustisten sukuseuran sivuille.<\/p>\n\n\n\n<p>T\u00e4lt\u00e4 sivustolta l\u00f6yd\u00e4t ajankohtaiset uutiset, kuvat ja tiedot sukuseuran toiminnasta.<br>Valikon avulla p\u00e4\u00e4set tutustumaan sukuseuran historiaan, s\u00e4\u00e4nt\u00f6ihin ja j\u00e4seneksi liittymiseen.<\/p>\n\n\n\n<figure class=\"wp-block-image size-full\"><a href=\"https:\/\/puustiset.com\/puustiset\/wp-content\/uploads\/2026\/01\/puustinensukukokous.jpg\" data-rel=\"a[href$=&quot;.jpg&quot;], a[href$=&quot;.jpeg&quot;], a[href$=&quot;.png&quot;]-image-0\" data-rl_title=\"\" data-rl_caption=\"\" title=\"\"><img loading=\"lazy\" decoding=\"async\" width=\"600\" height=\"433\" src=\"https:\/\/puustiset.com\/puustiset\/wp-content\/uploads\/2026\/01\/puustinensukukokous.jpg\" alt=\"\" class=\"wp-image-361\" srcset=\"https:\/\/puustiset.com\/puustiset\/wp-content\/uploads\/2026\/01\/puustinensukukokous.jpg 600w, https:\/\/puustiset.com\/puustiset\/wp-content\/uploads\/2026\/01\/puustinensukukokous-300x217.jpg 300w\" sizes=\"auto, (max-width: 600px) 85vw, 600px\" \/><\/a><\/figure>\n\n\n\n<p><\/p>\n","protected":false},"excerpt":{"rendered":"<p>Tervetuloa Pohjois-Karjalan Puustisten sukuseuran sivuille. T\u00e4lt\u00e4 sivustolta l\u00f6yd\u00e4t ajankohtaiset uutiset, kuvat ja tiedot sukuseuran toiminnasta.Valikon avulla p\u00e4\u00e4set tutustumaan sukuseuran historiaan, s\u00e4\u00e4nt\u00f6ihin ja j\u00e4seneksi liittymiseen.<\/p>\n","protected":false},"author":1,"featured_media":0,"parent":0,"menu_order":0,"comment_status":"closed","ping_status":"closed","template":"","meta":{"footnotes":""},"class_list":["post-360","page","type-page","status-publish","hentry"],"_links":{"self":[{"href":"https:\/\/puustiset.com\/index.php\/wp-json\/wp\/v2\/pages\/360","targetHints":{"allow":["GET"]}}],"collection":[{"href":"https:\/\/puustiset.com\/index.php\/wp-json\/wp\/v2\/pages"}],"about":[{"href":"https:\/\/puustiset.com\/index.php\/wp-json\/wp\/v2\/types\/page"}],"author":[{"embeddable":true,"href":"https:\/\/puustiset.com\/index.php\/wp-json\/wp\/v2\/users\/1"}],"replies":[{"embeddable":true,"href":"https:\/\/puustiset.com\/index.php\/wp-json\/wp\/v2\/comments?post=360"}],"version-history":[{"count":3,"href":"https:\/\/puustiset.com\/index.php\/wp-json\/wp\/v2\/pages\/360\/revisions"}],"predecessor-version":[{"id":951,"href":"https:\/\/puustiset.com\/index.php\/wp-json\/wp\/v2\/pages\/360\/revisions\/951"}],"wp:attachment":[{"href":"https:\/\/puustiset.com\/index.php\/wp-json\/wp\/v2\/media?parent=360"}],"curies":[{"name":"wp","href":"https:\/\/api.w.org\/{rel}","templated":true}]}}