{"id":26,"date":"2015-05-21T12:09:43","date_gmt":"2015-05-21T09:09:43","guid":{"rendered":"http:\/\/puustiset.com\/puustiset\/?page_id=26"},"modified":"2025-12-26T20:06:14","modified_gmt":"2025-12-26T18:06:14","slug":"sukuseuraan-liittyminen","status":"publish","type":"page","link":"https:\/\/puustiset.com\/index.php\/sukuseuraan-liittyminen\/","title":{"rendered":"Sukuseuraan liittyminen"},"content":{"rendered":"<p>&nbsp;<\/p>\n<p>Sukuseuraan voi liitty\u00e4 15 vuotta t\u00e4ytt\u00e4nyt henkil\u00f6, joka is\u00e4n tai \u00e4idin puolelta on sukuun kuuluva tai joka on avioliiton kautta siihen liittynyt. J\u00e4senen tulee suorittaa sukukokouksen vuosittain vahvistama j\u00e4senmaksun m\u00e4\u00e4r\u00e4n, t\u00e4ll\u00e4 hetkell\u00e4 maksu on 20 euroa\/vuosi\/henkil\u00f6. Ainaisj\u00e4seneksi katsotaan j\u00e4sen, joka yhdell\u00e4 kertaa suorittaa j\u00e4senmaksun kaksikymmenkertaisena.\u00a0 Seuran j\u00e4senen alle 15-vuotiaat lapset voivat liitty\u00e4 seuraan nuorisoj\u00e4senin\u00e4 ilman j\u00e4senmaksua.<\/p>\n<p>Sukuseuraamme voi my\u00f6s liitty\u00e4 kannatusj\u00e4seneksi yksityinen henkil\u00f6 tai oikeuskelpoinen yhteis\u00f6, joka haluaa tukea seuran tarkoitusta ja toimintaa. Kannatusj\u00e4senten j\u00e4senmaksusta p\u00e4\u00e4tet\u00e4\u00e4n sukukokouksessa 2025.<\/p>\n<p>J\u00e4senmaksu maksetaan sukuseuran tilille: <span style=\"color: #ff0000;\">Uusi pankkitili, OmaSp <strong>FI26 4108 0013 4947 48<\/strong><\/span>. Muista merkit\u00e4 tilisiirtoon oma nimesi, osoitteesi ja syntym\u00e4aikasi. Maksun suoritettuasi l\u00e4het\u00e4 alla oleva henkil\u00f6tietolomake s\u00e4hk\u00f6postitse sukuseuralle. Voit ottaa my\u00f6s yhteytt\u00e4 sukuseuran sihteeriin Pekka Puustiseen puh. 050 594 3545.<\/p>\n<p>Samalla lomakkeella, tai sihteerilt\u00e4, voit tilata my\u00f6s halutessasi maksullisen oman sukuhaaran selvityksen Paavosta nykyaikaan hintaan 22 euroa + postikulut.<\/p>\n\n<div class=\"wpcf7 no-js\" id=\"wpcf7-f37-o1\" lang=\"fi\" dir=\"ltr\" data-wpcf7-id=\"37\">\n<div class=\"screen-reader-response\"><p role=\"status\" aria-live=\"polite\" aria-atomic=\"true\"><\/p> <ul><\/ul><\/div>\n<form action=\"\/index.php\/wp-json\/wp\/v2\/pages\/26#wpcf7-f37-o1\" method=\"post\" class=\"wpcf7-form init\" aria-label=\"Yhteydenottolomake\" novalidate=\"novalidate\" data-status=\"init\">\n<fieldset class=\"hidden-fields-container\"><input type=\"hidden\" name=\"_wpcf7\" value=\"37\" \/><input type=\"hidden\" name=\"_wpcf7_version\" value=\"6.1.5\" \/><input type=\"hidden\" name=\"_wpcf7_locale\" value=\"fi\" \/><input type=\"hidden\" name=\"_wpcf7_unit_tag\" value=\"wpcf7-f37-o1\" \/><input type=\"hidden\" name=\"_wpcf7_container_post\" value=\"0\" \/><input type=\"hidden\" name=\"_wpcf7_posted_data_hash\" value=\"\" \/>\n<\/fieldset>\n<p>T\u00e4ydellinen nimi, my\u00f6s entiset nimet: (pakollinen)\n<\/p>\n<p><span class=\"wpcf7-form-control-wrap\" data-name=\"your-name\"><input size=\"40\" maxlength=\"400\" class=\"wpcf7-form-control wpcf7-text wpcf7-validates-as-required\" aria-required=\"true\" aria-invalid=\"false\" value=\"\" type=\"text\" name=\"your-name\" \/><\/span>\n<\/p>\n<p>Osoite: (pakollinen)\n<\/p>\n<p><span class=\"wpcf7-form-control-wrap\" data-name=\"your-address\"><input size=\"40\" maxlength=\"400\" class=\"wpcf7-form-control wpcf7-text wpcf7-validates-as-required\" aria-required=\"true\" aria-invalid=\"false\" value=\"\" type=\"text\" name=\"your-address\" \/><\/span>\n<\/p>\n<p>Puhelinnumero:\n<\/p>\n<p><span class=\"wpcf7-form-control-wrap\" data-name=\"your-phone\"><input size=\"40\" maxlength=\"400\" class=\"wpcf7-form-control wpcf7-text wpcf7-validates-as-required\" aria-required=\"true\" aria-invalid=\"false\" value=\"\" type=\"text\" name=\"your-phone\" \/><\/span>\n<\/p>\n<p>S\u00e4hk\u00f6postiosoite:\n<\/p>\n<p><span class=\"wpcf7-form-control-wrap\" data-name=\"your-email\"><input size=\"40\" maxlength=\"400\" class=\"wpcf7-form-control wpcf7-email wpcf7-text wpcf7-validates-as-email\" aria-invalid=\"false\" value=\"\" type=\"email\" name=\"your-email\" \/><\/span>\n<\/p>\n<p>Syntym\u00e4aika ja -paikka: (pakollinen)\n<\/p>\n<p><span class=\"wpcf7-form-control-wrap\" data-name=\"your-dateofbirth\"><input size=\"40\" maxlength=\"400\" class=\"wpcf7-form-control wpcf7-text wpcf7-validates-as-required\" aria-required=\"true\" aria-invalid=\"false\" value=\"\" type=\"text\" name=\"your-dateofbirth\" \/><\/span>\n<\/p>\n<p>Is\u00e4n t\u00e4ydellinen nimi:(pakollinen)\n<\/p>\n<p><span class=\"wpcf7-form-control-wrap\" data-name=\"your-fathername\"><input size=\"40\" maxlength=\"400\" class=\"wpcf7-form-control wpcf7-text wpcf7-validates-as-required\" aria-required=\"true\" aria-invalid=\"false\" value=\"\" type=\"text\" name=\"your-fathername\" \/><\/span>\n<\/p>\n<p>\u00c4idin t\u00e4ydellinen nimi, my\u00f6s entiset:(pakollinen)\n<\/p>\n<p><span class=\"wpcf7-form-control-wrap\" data-name=\"your-mothername\"><input size=\"40\" maxlength=\"400\" class=\"wpcf7-form-control wpcf7-text wpcf7-validates-as-required\" aria-required=\"true\" aria-invalid=\"false\" value=\"\" type=\"text\" name=\"your-mothername\" \/><\/span>\n<\/p>\n<p><span class=\"wpcf7-form-control-wrap\" data-name=\"liitysukuseuraan\"><span class=\"wpcf7-form-control wpcf7-radio\"><span class=\"wpcf7-list-item first\"><label><input type=\"radio\" name=\"liitysukuseuraan\" value=\"Liityn sukuseuraan\" \/><span class=\"wpcf7-list-item-label\">Liityn sukuseuraan<\/span><\/label><\/span><span class=\"wpcf7-list-item last\"><label><input type=\"radio\" name=\"liitysukuseuraan\" value=\"En liity sukuseuraan\" \/><span class=\"wpcf7-list-item-label\">En liity sukuseuraan<\/span><\/label><\/span><\/span><\/span>\n<\/p>\n<p><span class=\"wpcf7-form-control-wrap\" data-name=\"sukuhaaraselvitys\"><span class=\"wpcf7-form-control wpcf7-radio\" id=\"2\"><span class=\"wpcf7-list-item first\"><label><input type=\"radio\" name=\"sukuhaaraselvitys\" value=\"Tilaan oman sukuhaaran selvityksen (maksullinen)\" \/><span class=\"wpcf7-list-item-label\">Tilaan oman sukuhaaran selvityksen (maksullinen)<\/span><\/label><\/span><span class=\"wpcf7-list-item last\"><label><input type=\"radio\" name=\"sukuhaaraselvitys\" value=\"En tilaa sukuhaaraselvityst\u00e4\" \/><span class=\"wpcf7-list-item-label\">En tilaa sukuhaaraselvityst\u00e4<\/span><\/label><\/span><\/span><\/span>\n<\/p>\n<p><input class=\"wpcf7-form-control wpcf7-submit has-spinner\" type=\"submit\" value=\"L\u00e4het\u00e4 sukuseuralle\" \/>\n<\/p><p style=\"display: none !important;\" class=\"akismet-fields-container\" data-prefix=\"_wpcf7_ak_\"><label>&#916;<textarea name=\"_wpcf7_ak_hp_textarea\" cols=\"45\" rows=\"8\" maxlength=\"100\"><\/textarea><\/label><input type=\"hidden\" id=\"ak_js_1\" name=\"_wpcf7_ak_js\" value=\"13\"\/><script>\ndocument.getElementById( \"ak_js_1\" ).setAttribute( \"value\", ( new Date() ).getTime() );\n<\/script>\n<\/p><div class=\"wpcf7-response-output\" aria-hidden=\"true\"><\/div>\n<\/form>\n<\/div>\n\n<p>&nbsp;<\/p>\n","protected":false},"excerpt":{"rendered":"<p>&nbsp; Sukuseuraan voi liitty\u00e4 15 vuotta t\u00e4ytt\u00e4nyt henkil\u00f6, joka is\u00e4n tai \u00e4idin puolelta on sukuun kuuluva tai joka on avioliiton kautta siihen liittynyt. J\u00e4senen tulee suorittaa sukukokouksen vuosittain vahvistama j\u00e4senmaksun m\u00e4\u00e4r\u00e4n, t\u00e4ll\u00e4 hetkell\u00e4 maksu on 20 euroa\/vuosi\/henkil\u00f6. Ainaisj\u00e4seneksi katsotaan j\u00e4sen, joka yhdell\u00e4 kertaa suorittaa j\u00e4senmaksun kaksikymmenkertaisena.\u00a0 Seuran j\u00e4senen alle 15-vuotiaat lapset voivat liitty\u00e4 seuraan nuorisoj\u00e4senin\u00e4 &hellip; <a href=\"https:\/\/puustiset.com\/index.php\/sukuseuraan-liittyminen\/\" class=\"more-link\">Jatka lukemista<span class=\"screen-reader-text\"> &#8221;Sukuseuraan liittyminen&#8221;<\/span><\/a><\/p>\n","protected":false},"author":1,"featured_media":0,"parent":0,"menu_order":0,"comment_status":"closed","ping_status":"closed","template":"","meta":{"footnotes":""},"class_list":["post-26","page","type-page","status-publish","hentry"],"_links":{"self":[{"href":"https:\/\/puustiset.com\/index.php\/wp-json\/wp\/v2\/pages\/26","targetHints":{"allow":["GET"]}}],"collection":[{"href":"https:\/\/puustiset.com\/index.php\/wp-json\/wp\/v2\/pages"}],"about":[{"href":"https:\/\/puustiset.com\/index.php\/wp-json\/wp\/v2\/types\/page"}],"author":[{"embeddable":true,"href":"https:\/\/puustiset.com\/index.php\/wp-json\/wp\/v2\/users\/1"}],"replies":[{"embeddable":true,"href":"https:\/\/puustiset.com\/index.php\/wp-json\/wp\/v2\/comments?post=26"}],"version-history":[{"count":14,"href":"https:\/\/puustiset.com\/index.php\/wp-json\/wp\/v2\/pages\/26\/revisions"}],"predecessor-version":[{"id":277,"href":"https:\/\/puustiset.com\/index.php\/wp-json\/wp\/v2\/pages\/26\/revisions\/277"}],"wp:attachment":[{"href":"https:\/\/puustiset.com\/index.php\/wp-json\/wp\/v2\/media?parent=26"}],"curies":[{"name":"wp","href":"https:\/\/api.w.org\/{rel}","templated":true}]}}