{"id":23,"date":"2015-05-21T12:04:55","date_gmt":"2015-05-21T09:04:55","guid":{"rendered":"http:\/\/puustiset.com\/puustiset\/?page_id=23"},"modified":"2026-02-27T22:56:59","modified_gmt":"2026-02-27T20:56:59","slug":"yhteystiedot","status":"publish","type":"page","link":"https:\/\/puustiset.com\/index.php\/yhteystiedot\/","title":{"rendered":"Yhteystiedot"},"content":{"rendered":"\n<p>Sukuseuralle voit l\u00e4hett\u00e4\u00e4 s\u00e4hk\u00f6postia osoitteella info@puustiset.com.<\/p>\n\n\n<p>Hallituksen j\u00e4senten yhteystiedot oheisena.<\/p>\n<h3>Hallitus 2025-2027<\/h3>\n\n\n<figure class=\"wp-block-table\"><table class=\"has-fixed-layout\"><tbody><tr><td><strong>Nimi<\/strong><\/td><td><strong>Teht\u00e4v\u00e4<\/strong><\/td><td><strong>Puhelin<\/strong><\/td><td><strong>S\u00e4hk\u00f6posti<\/strong><\/td><\/tr><tr><td>Raimo Puustinen<\/td><td>puheenjohtaja<\/td><td>050-097 5873<\/td><td>raimo.puustinen72@gmail.com<\/td><\/tr><tr><td>Jorma Puustinen<\/td><td>j\u00e4sen<\/td><td>045-136 4790<\/td><td>jorma.k.o.puustinen@gmail.com<\/td><\/tr><tr><td>Pekka Puustinen<\/td><td>sihteeri<\/td><td>050-594 3545<\/td><td>pekka.puustinen@telemail.fi<\/td><\/tr><tr><td>Tapani Keronen<\/td><td>varapuheenjohtaja<\/td><td>040-822 3536<\/td><td>tapanikeronen2@gmail.com<\/td><\/tr><tr><td>Anna-Mari Markkola<\/td><td>j\u00e4sen<\/td><td>040-829 103<\/td><td>annamari.markkola@oulu.fi<\/td><\/tr><tr><td>Erkki Martikainen<\/td><td>j\u00e4sen<\/td><td>045-325 5765<\/td><td>eki.martikainen@hotmail.com<\/td><\/tr><tr><td>Teemu Toppinen<\/td><td>j\u00e4sen<\/td><td>044-206 4145<\/td><td>teemu.toppinen@gmail.com<\/td><\/tr><\/tbody><\/table><\/figure>\n\n\n\n<p>&nbsp;<\/p>\n\n\n\n<p>&nbsp;<\/p>\n\n\n\n<p>&nbsp;<\/p>\n","protected":false},"excerpt":{"rendered":"<p>Sukuseuralle voit l\u00e4hett\u00e4\u00e4 s\u00e4hk\u00f6postia osoitteella info@puustiset.com. Hallituksen j\u00e4senten yhteystiedot oheisena. Hallitus 2025-2027 Nimi Teht\u00e4v\u00e4 Puhelin S\u00e4hk\u00f6posti Raimo Puustinen puheenjohtaja 050-097 5873 raimo.puustinen72@gmail.com Jorma Puustinen j\u00e4sen 045-136 4790 jorma.k.o.puustinen@gmail.com Pekka Puustinen sihteeri 050-594 3545 pekka.puustinen@telemail.fi Tapani Keronen varapuheenjohtaja 040-822 3536 tapanikeronen2@gmail.com Anna-Mari Markkola j\u00e4sen 040-829 103 annamari.markkola@oulu.fi Erkki Martikainen j\u00e4sen 045-325 5765 eki.martikainen@hotmail.com Teemu Toppinen j\u00e4sen &hellip; <a href=\"https:\/\/puustiset.com\/index.php\/yhteystiedot\/\" class=\"more-link\">Jatka lukemista<span class=\"screen-reader-text\"> &#8221;Yhteystiedot&#8221;<\/span><\/a><\/p>\n","protected":false},"author":1,"featured_media":0,"parent":0,"menu_order":0,"comment_status":"closed","ping_status":"closed","template":"","meta":{"footnotes":""},"class_list":["post-23","page","type-page","status-publish","hentry"],"_links":{"self":[{"href":"https:\/\/puustiset.com\/index.php\/wp-json\/wp\/v2\/pages\/23","targetHints":{"allow":["GET"]}}],"collection":[{"href":"https:\/\/puustiset.com\/index.php\/wp-json\/wp\/v2\/pages"}],"about":[{"href":"https:\/\/puustiset.com\/index.php\/wp-json\/wp\/v2\/types\/page"}],"author":[{"embeddable":true,"href":"https:\/\/puustiset.com\/index.php\/wp-json\/wp\/v2\/users\/1"}],"replies":[{"embeddable":true,"href":"https:\/\/puustiset.com\/index.php\/wp-json\/wp\/v2\/comments?post=23"}],"version-history":[{"count":33,"href":"https:\/\/puustiset.com\/index.php\/wp-json\/wp\/v2\/pages\/23\/revisions"}],"predecessor-version":[{"id":949,"href":"https:\/\/puustiset.com\/index.php\/wp-json\/wp\/v2\/pages\/23\/revisions\/949"}],"wp:attachment":[{"href":"https:\/\/puustiset.com\/index.php\/wp-json\/wp\/v2\/media?parent=23"}],"curies":[{"name":"wp","href":"https:\/\/api.w.org\/{rel}","templated":true}]}}