{"id":21,"date":"2015-05-21T12:04:27","date_gmt":"2015-05-21T09:04:27","guid":{"rendered":"http:\/\/puustiset.com\/puustiset\/?page_id=21"},"modified":"2025-04-08T21:56:38","modified_gmt":"2025-04-08T18:56:38","slug":"saannot","status":"publish","type":"page","link":"https:\/\/puustiset.com\/index.php\/saannot\/","title":{"rendered":"S\u00e4\u00e4nn\u00f6t"},"content":{"rendered":"<p>Sukuseura Pohjois-Karjalan Puustiset ry<\/p>\n<p>&nbsp;<\/p>\n<p>1 \u00a7 Nimi ja kotipaikka<\/p>\n<p>Yhdistyksen nimi on\u00a0Pohjois-Karjalan Puustiset ry ja sen kotipaikka on\u00a0Joensuu. N\u00e4iss\u00e4 s\u00e4\u00e4nn\u00f6iss\u00e4 yhdistyksest\u00e4 k\u00e4ytet\u00e4\u00e4n nimityst\u00e4 sukuseura tai seura.<\/p>\n<p>2 \u00a7 Tarkoitus ja toimintamuodot<\/p>\n<p>Sukuseuran tarkoituksena on selvitt\u00e4\u00e4\u00a0Puustisten suvun vaiheita ja historiaa, vaalia niihin liittyvi\u00e4 perinteit\u00e4 ja edist\u00e4\u00e4 yhteenkuuluvuuden tunnetta suvun j\u00e4senten keskuudessa sek\u00e4 tehd\u00e4 sukuseura- ja sukututkimusty\u00f6t\u00e4 tunnetuksi ja muutenkin edist\u00e4\u00e4 kotiseututy\u00f6t\u00e4.<\/p>\n<p>Tarkoituksensa toteuttamiseksi sukuseura mahdollisuuksiensa mukaan<\/p>\n<ul>\n<li>j\u00e4rjest\u00e4\u00e4 sukukokouksia, sukup\u00e4ivi\u00e4, retki\u00e4 ja muita niihin verrattavia tilaisuuksia,<\/li>\n<li>suorittaa ja tukee suku- ja henkil\u00f6historiallista tutkimustoimintaa,<\/li>\n<li>ker\u00e4\u00e4 ja arkistoi sukua\/sukuja koskevaa tietoutta sek\u00e4 jakaa tutkimus- ja perinnetietoa,<\/li>\n<li>harjoittaa seuran tarkoituksen toteuttamista edist\u00e4v\u00e4\u00e4 julkaisutoimintaa,<\/li>\n<li>toteuttaa yhteisty\u00f6t\u00e4 sukututkimus-, kotiseutu-, kaupunki- ja kyl\u00e4-yhdistysten sek\u00e4 muiden tarpeellisten paikallisten, alueellisten ja valtakunnallisten yhteisty\u00f6tahojen kanssa.<\/li>\n<\/ul>\n<p>Toimintansa tukemiseksi sukuseura voi ottaa vastaan testamentattua ja lahjo\u00aditettua omaisuutta sek\u00e4 avustuksia, perustaa sukututkimus- ja muita\u00a0rahastoja sek\u00e4 asianomaisella luvalla j\u00e4rjest\u00e4\u00e4 varainker\u00e4yksi\u00e4 ja arpajaisia.<\/p>\n<p>Seura ei harjoita elinkeinotoimintaa eik\u00e4 sen tarkoituksena ole taloudellisen hy\u00f6dyn tai voiton tuottaminen j\u00e4senilleen.<\/p>\n<p>3 \u00a7 J\u00e4senet<\/p>\n<p>Sukuseuran varsinaiseksi j\u00e4seneksi voidaan hyv\u00e4ksy\u00e4 jokainen\u00a015 vuotta t\u00e4ytt\u00e4nyt henkil\u00f6,\u00a0joka is\u00e4n tai \u00e4idin puolelta on sukuun kuuluva tai t\u00e4m\u00e4n puoliso. Kannatusj\u00e4seneksi voidaan hyv\u00e4ksy\u00e4 yksityinen henkil\u00f6 tai oikeuskelpoinen yhteis\u00f6, joka haluaa tukea seuran tarkoitusta ja toimintaa.<\/p>\n<p>Varsinaiset j\u00e4senet ja kannatusj\u00e4senet hyv\u00e4ksyy hakemuksesta seuran hallitus. Kunniapuheenjohtajaksi tai &#8211; j\u00e4seneksi voidaan hallituksen esityksest\u00e4 seuran sukukokouksessa kutsua henkil\u00f6, joka on huomattavasti edist\u00e4nyt ja tukenut yhdistyksen toimintaa.<\/p>\n<p>4 \u00a7 J\u00e4senen eroaminen ja erottaminen<\/p>\n<p>J\u00e4senell\u00e4 on oikeus erota yhdistyksest\u00e4 ilmoittamalla siit\u00e4 kirjallisesti\u00a0hallitukselle tai sen puheenjohtajalle taikka ilmoittamalla erosta yhdistyksen kokouksessa merkitt\u00e4v\u00e4ksi p\u00f6yt\u00e4kirjaan.<\/p>\n<p>Hallitus voi erottaa j\u00e4senen sukuseurasta, jos j\u00e4sen on j\u00e4tt\u00e4nyt er\u00e4\u00e4ntyneen j\u00e4senmaksunsa maksamatta\u00a0viimeksi kuluneelta kalenterivuodelta\u00a0tai on muuten j\u00e4tt\u00e4nyt t\u00e4ytt\u00e4m\u00e4tt\u00e4 ne velvoitukset, joihin h\u00e4n on seuraan liittym\u00e4ll\u00e4 sitoutunut tai on menettelyll\u00e4\u00e4n seurassa tai sen ulkopuolella huomattavasti vahingoittanut sit\u00e4 tai ei en\u00e4\u00e4 t\u00e4yt\u00e4 laissa taikka sukuseuran s\u00e4\u00e4nn\u00f6iss\u00e4 mainittuja j\u00e4senyyden ehtoja.<\/p>\n<p>5 \u00a7 Liittymis- ja j\u00e4senmaksu<\/p>\n<p>Varsinaisilta j\u00e4senilt\u00e4 ja kannatusj\u00e4senilt\u00e4 peritt\u00e4v\u00e4n liittymismaksun ja\u00a0vuotuisen tai ainaisj\u00e4senmaksun suuruudesta erikseen kummallekin j\u00e4senryhm\u00e4lle p\u00e4\u00e4tt\u00e4\u00e4 varsinainen sukukokous. Kunniapuheenjohtaja ja kunniaj\u00e4senet eiv\u00e4t suorita j\u00e4senmaksuja.<\/p>\n<p>6 \u00a7 Hallitus<\/p>\n<p>Sukuseuran asioita hoitaa hallitus, johon kuuluu vuosikokouksessa valitut\u00a0puheenjohtaja ja 5- 7\u00a0muuta varsinaista j\u00e4sent\u00e4<em>. <\/em>J\u00e4seni\u00e4 valittaessa otetaan huomioon eri sukuhaarojen tasapuolinen edustus. Hallituksen toimikausi on varsinaisten sukukokousten v\u00e4linen aika.<\/p>\n<p>Hallitus valitsee keskuudestaan varapuheenjohtajan sek\u00e4 ottaa keskuudestaan tai ulkopuolelta sihteerin, rahastonhoitajan ja muut tarvittavat toimihenkil\u00f6t sek\u00e4 voi perustaa tarpeellisia toimikuntia tai neuvoa-antavia elimi\u00e4.<\/p>\n<p>Hallitus kokoontuu puheenjohtajan tai h\u00e4nen estyneen\u00e4 ollessaan varapuheenjohtajan kutsusta, kun he katsovat siihen olevan aihetta tai kun v\u00e4hint\u00e4\u00e4n puolet hallituksen j\u00e4senist\u00e4 sit\u00e4 vaatii.<\/p>\n<p>Hallitus on p\u00e4\u00e4t\u00f6svaltainen, kun v\u00e4hint\u00e4\u00e4n puolet sen j\u00e4senist\u00e4, puheenjohtaja tai varapuheenjohtaja mukaan luettuna on l\u00e4sn\u00e4. \u00c4\u00e4nestykset ratkaistaan\u00a0yksinkertaisella \u00e4\u00e4nten enemmist\u00f6ll\u00e4. \u00c4\u00e4nten menness\u00e4 tasan ratkaisee\u00a0puheenjohtajan \u00e4\u00e4ni, vaaleissa kuitenkin arpa.<\/p>\n<p>Seuran hallitus pit\u00e4\u00e4 sukuseuran j\u00e4senluetteloa.<\/p>\n<p>7 \u00a7 Sukuseuran nimen kirjoittaminen<\/p>\n<p>Seuran nimen kirjoittaa hallituksen puheenjohtaja, varapuheenjohtaja tai sihteeri kukin yksin ja hallituksen valtuutuksella rahastonhoitaja.<\/p>\n<p>8 \u00a7 Tilikausi ja toiminnantarkastus<\/p>\n<p>Sukuseuran tilikausi p\u00e4\u00e4ttyy vuosittain\u00a031.12.<\/p>\n<p>Tilinp\u00e4\u00e4t\u00f6kset tarvittavine asiakirjoineen ja hallituksen vuosikertomukset on annettava toiminnantarkastajalle viimeist\u00e4\u00e4n kuukautta ennen varsinaista\u00a0sukukokousta. Toiminnantarkastajan tulee antaa kirjallinen lausuntonsa\u00a0viimeist\u00e4\u00e4n kaksi viikkoa ennen sukukokousta hallitukselle<em>.<\/em><\/p>\n<p>9 \u00a7 Sukuseuran kokoukset<\/p>\n<p>Sukuseuran kokoukseen voidaan osallistua hallituksen tai sukukokouksen niin p\u00e4\u00e4tt\u00e4ess\u00e4 my\u00f6s postitse taikka tietoliikenneyhteyden tai muun teknisen apuv\u00e4lineen avulla kokouksen aikana tai ennen kokousta.<\/p>\n<p>Seuran vuosikokouksena on varsinainen sukukokous, joka pidet\u00e4\u00e4n joka\u00a0toinen vuosi hallituksen m\u00e4\u00e4r\u00e4\u00e4m\u00e4n\u00e4 p\u00e4iv\u00e4n\u00e4 huhti \u2013 syyskuun aikana. Ylim\u00e4\u00e4r\u00e4inen sukukokous pidet\u00e4\u00e4n, kun seuran sukukokous niin p\u00e4\u00e4tt\u00e4\u00e4 tai kun hallitus katsoo siihen olevan aihetta tai kun v\u00e4hint\u00e4\u00e4n yksi kymmenesosa (1\/10) yhdistyksen \u00e4\u00e4nioikeutetuista j\u00e4senist\u00e4 sit\u00e4 hallitukselta erityisesti ilmoitettua asiaa varten kirjallisesti vaatii. Kokous on pidett\u00e4v\u00e4 kolmenkymmenen vuorokauden kuluessa siit\u00e4, kun vaatimus sen pit\u00e4misest\u00e4 on esitetty hallitukselle.<\/p>\n<p>Seuran sukukokouksessa on jokaisella varsinaisella j\u00e4senell\u00e4, kunniapuheenjohtajalla ja kunniaj\u00e4senell\u00e4 yksi \u00e4\u00e4ni. Kannatusj\u00e4senell\u00e4 on kokouksessa\u00a0l\u00e4sn\u00e4olo- ja puheoikeus. Sukukokouksen p\u00e4\u00e4t\u00f6kseksi tulee se mielipide, jota on kannattanut yli puolet annetuista\u00a0\u00e4\u00e4nist\u00e4. \u00c4\u00e4nten menness\u00e4 tasan ratkaisee kokouksen puheenjohtajan \u00e4\u00e4ni,\u00a0vaaleissa kuitenkin arpa.<\/p>\n<p>10 \u00a7 Sukuseuran kokousten koollekutsuminen<\/p>\n<p>Hallituksen on kutsuttava sukuseuran kokoukset koolle viimeist\u00e4\u00e4n kolmekymment\u00e4 (30) vuorokautta ennen kokousta j\u00e4senille postitetuilla kirjeill\u00e4,\u00a0seuran kotipaikkakunnalla ilmestyv\u00e4ss\u00e4 sanomalehdess\u00e4 tai s\u00e4hk\u00f6postitse.<\/p>\n<p>11 \u00a7 Varsinainen sukukokous<\/p>\n<p>Seuran varsinaisessa sukukokouksessa k\u00e4sitell\u00e4\u00e4n seuraavat asiat:<\/p>\n<ol>\n<li>kokouksen avaus<\/li>\n<li>valitaan kokouksen puheenjohtaja, sihteeri, kaksi p\u00f6yt\u00e4kirjantarkastajaa ja tarvittaessa kaksi \u00e4\u00e4ntenlaskijaa<\/li>\n<li>todetaan kokouksen laillisuus ja p\u00e4\u00e4t\u00f6svaltaisuus<\/li>\n<li>hyv\u00e4ksyt\u00e4\u00e4n kokouksen ty\u00f6j\u00e4rjestys<\/li>\n<li>esitet\u00e4\u00e4n tilikausittain tilinp\u00e4\u00e4t\u00f6s, vuosikertomus ja toiminnantarkastajan lausunto<\/li>\n<li>p\u00e4\u00e4tet\u00e4\u00e4n tilinp\u00e4\u00e4t\u00f6ksen vahvistamisesta ja vastuuvapauden\u00a0my\u00f6nt\u00e4misest\u00e4 hallitukselle ja muille vastuuvelvollisille<\/li>\n<li>vahvistetaan toimintasuunnitelma, tulo- ja menoarvio sek\u00e4 liittymis- ja\u00a0 j\u00e4senmaksujen suuruudet seuraavaksi toimikaudeksi<\/li>\n<li>p\u00e4\u00e4tet\u00e4\u00e4n hallitukseen valittavien j\u00e4senten lukum\u00e4\u00e4r\u00e4st\u00e4<\/li>\n<li>valitaan hallituksen puheenjohtaja ja muut j\u00e4senet ja mahdolliset varaj\u00e4senet<\/li>\n<li>valitaan toiminnantarkastaja ja t\u00e4lle varahenkil\u00f6 seuraavaksi toimikaudeksi<\/li>\n<li>k\u00e4sitell\u00e4\u00e4n muut kokouskutsussa mainitut asiat.<\/li>\n<\/ol>\n<p>Mik\u00e4li sukuseuran j\u00e4sen haluaa saada jonkin asian sukukokouksen k\u00e4sitelt\u00e4v\u00e4ksi, on h\u00e4nen ilmoitettava siit\u00e4 kirjallisesti hallitukselle niin hyviss\u00e4 ajoin, ett\u00e4 asia voidaan sis\u00e4llytt\u00e4\u00e4 kokouskutsuun.<\/p>\n<p>12 \u00a7 S\u00e4\u00e4nt\u00f6jen muuttaminen ja sukuseuran purkaminen<\/p>\n<p>P\u00e4\u00e4t\u00f6s s\u00e4\u00e4nt\u00f6jen muuttamisesta ja seuran purkamisesta on teht\u00e4v\u00e4 seuran kokouksessa v\u00e4hint\u00e4\u00e4n kolmen nelj\u00e4sosan (3\/4) enemmist\u00f6ll\u00e4 annetuista \u00e4\u00e4nist\u00e4. Kokouskutsussa on mainittava s\u00e4\u00e4nt\u00f6jen muuttamista tai seuran purkamista koskevan asian esill\u00e4 olosta.<\/p>\n<p>Sukuseuran purkautuessa tai tullessa lakkautetuksi k\u00e4ytet\u00e4\u00e4n seuran varat sen tarkoituksen edist\u00e4miseen purkamisesta p\u00e4\u00e4tt\u00e4v\u00e4n kokouksen\u00a0m\u00e4\u00e4r\u00e4\u00e4m\u00e4ll\u00e4 tavalla. Arkisto luovutetaan Kansallisarkistolle tai alueen\u00a0maakunta-arkistolle taikka muutoin tukemaan suku- ja henkil\u00f6historiallista tutkimusty\u00f6t\u00e4.<\/p>\n<p>Saavutetut j\u00e4senoikeudet s\u00e4ilyv\u00e4t.<\/p>\n<p>13 \u00a7 Yhdistyslain noudattaminen<\/p>\n<p>Kaikessa muussa noudatetaan yhdistyslain voimassa olevia m\u00e4\u00e4r\u00e4yksi\u00e4.<\/p>\n","protected":false},"excerpt":{"rendered":"<p>Sukuseura Pohjois-Karjalan Puustiset ry &nbsp; 1 \u00a7 Nimi ja kotipaikka Yhdistyksen nimi on\u00a0Pohjois-Karjalan Puustiset ry ja sen kotipaikka on\u00a0Joensuu. N\u00e4iss\u00e4 s\u00e4\u00e4nn\u00f6iss\u00e4 yhdistyksest\u00e4 k\u00e4ytet\u00e4\u00e4n nimityst\u00e4 sukuseura tai seura. 2 \u00a7 Tarkoitus ja toimintamuodot Sukuseuran tarkoituksena on selvitt\u00e4\u00e4\u00a0Puustisten suvun vaiheita ja historiaa, vaalia niihin liittyvi\u00e4 perinteit\u00e4 ja edist\u00e4\u00e4 yhteenkuuluvuuden tunnetta suvun j\u00e4senten keskuudessa sek\u00e4 tehd\u00e4 sukuseura- ja &hellip; <a href=\"https:\/\/puustiset.com\/index.php\/saannot\/\" class=\"more-link\">Jatka lukemista<span class=\"screen-reader-text\"> &#8221;S\u00e4\u00e4nn\u00f6t&#8221;<\/span><\/a><\/p>\n","protected":false},"author":1,"featured_media":0,"parent":0,"menu_order":0,"comment_status":"closed","ping_status":"closed","template":"","meta":{"footnotes":""},"class_list":["post-21","page","type-page","status-publish","hentry"],"_links":{"self":[{"href":"https:\/\/puustiset.com\/index.php\/wp-json\/wp\/v2\/pages\/21","targetHints":{"allow":["GET"]}}],"collection":[{"href":"https:\/\/puustiset.com\/index.php\/wp-json\/wp\/v2\/pages"}],"about":[{"href":"https:\/\/puustiset.com\/index.php\/wp-json\/wp\/v2\/types\/page"}],"author":[{"embeddable":true,"href":"https:\/\/puustiset.com\/index.php\/wp-json\/wp\/v2\/users\/1"}],"replies":[{"embeddable":true,"href":"https:\/\/puustiset.com\/index.php\/wp-json\/wp\/v2\/comments?post=21"}],"version-history":[{"count":7,"href":"https:\/\/puustiset.com\/index.php\/wp-json\/wp\/v2\/pages\/21\/revisions"}],"predecessor-version":[{"id":232,"href":"https:\/\/puustiset.com\/index.php\/wp-json\/wp\/v2\/pages\/21\/revisions\/232"}],"wp:attachment":[{"href":"https:\/\/puustiset.com\/index.php\/wp-json\/wp\/v2\/media?parent=21"}],"curies":[{"name":"wp","href":"https:\/\/api.w.org\/{rel}","templated":true}]}}