{"id":15,"date":"2015-05-21T11:59:11","date_gmt":"2015-05-21T08:59:11","guid":{"rendered":"http:\/\/puustiset.com\/puustiset\/?page_id=15"},"modified":"2026-01-09T14:47:09","modified_gmt":"2026-01-09T12:47:09","slug":"toiminta","status":"publish","type":"page","link":"https:\/\/puustiset.com\/index.php\/toiminta\/","title":{"rendered":"Seuran tarkoitus ja toiminta"},"content":{"rendered":"<p><a href=\"https:\/\/puustiset.com\/puustiset\/wp-content\/uploads\/2015\/05\/puustinensukukokous.jpg\" data-rel=\"a[href$=&quot;.jpg&quot;], a[href$=&quot;.jpeg&quot;], a[href$=&quot;.png&quot;]-image-0\" data-rl_title=\"\" data-rl_caption=\"\" title=\"\"><img loading=\"lazy\" decoding=\"async\" class=\"alignnone size-medium wp-image-17\" src=\"https:\/\/puustiset.com\/puustiset\/wp-content\/uploads\/2015\/05\/puustinensukukokous-300x217.jpg\" alt=\"puustinensukukokous\" width=\"300\" height=\"217\" srcset=\"https:\/\/puustiset.com\/puustiset\/wp-content\/uploads\/2015\/05\/puustinensukukokous-300x217.jpg 300w, https:\/\/puustiset.com\/puustiset\/wp-content\/uploads\/2015\/05\/puustinensukukokous.jpg 600w\" sizes=\"auto, (max-width: 300px) 85vw, 300px\" \/><\/a><\/p>\n<p><strong>Suku kokoontuu<\/strong><\/p>\n<p>Sukuseura perustettiin Kiihtelysvaaran Raatevaarassa vuonna 2004. Ensimm\u00e4iseen kokoukseen osallistui n. 100 henke\u00e4. Seuran tarkoituksena on selvitt\u00e4\u00e4 suvun vaiheita ja historiaa, vaalia suvun perinteit\u00e4 ja edist\u00e4\u00e4 yhteenkuuluvuuden tunnetta j\u00e4sentens\u00e4 keskuudessa. Sukuseura j\u00e4rjest\u00e4\u00e4 sukukokouksia ja -juhlia, ker\u00e4\u00e4 ja arkistoi sukua koskevia tietoja ja selvitt\u00e4\u00e4 suvun vaiheita ja saattaa tutkimusty\u00f6n tulokset j\u00e4senten tietoon.<\/p>\n<p>J\u00e4seniin pidet\u00e4\u00e4n yhteytt\u00e4 j\u00e4senkirjeiden, Lehtisalin, t\u00e4m\u00e4n nettisivun ja Facebookin avulla. Sukujuhlia on vietetty perustamisen j\u00e4lkeen vuosittain hein\u00e4kuun alussa. Vuoden 2017 j\u00e4lkeen juhlat\/kokoukset on j\u00e4rjestetty joka toinen vuosi. Kokouspaikka vaihtelee. Kokousvuosien v\u00e4lille pyrit\u00e4\u00e4n j\u00e4rjest\u00e4m\u00e4\u00e4n retki tai muu mielenkiintoinen ohjelma.<\/p>\n<p>Yksi toiminnan t\u00e4rkein painopiste on ollut sukukirjaprojekti, jota hoidettiin Pekka Puustisen johdolla.<\/p>\n","protected":false},"excerpt":{"rendered":"<p>Suku kokoontuu Sukuseura perustettiin Kiihtelysvaaran Raatevaarassa vuonna 2004. Ensimm\u00e4iseen kokoukseen osallistui n. 100 henke\u00e4. Seuran tarkoituksena on selvitt\u00e4\u00e4 suvun vaiheita ja historiaa, vaalia suvun perinteit\u00e4 ja edist\u00e4\u00e4 yhteenkuuluvuuden tunnetta j\u00e4sentens\u00e4 keskuudessa. Sukuseura j\u00e4rjest\u00e4\u00e4 sukukokouksia ja -juhlia, ker\u00e4\u00e4 ja arkistoi sukua koskevia tietoja ja selvitt\u00e4\u00e4 suvun vaiheita ja saattaa tutkimusty\u00f6n tulokset j\u00e4senten tietoon. J\u00e4seniin pidet\u00e4\u00e4n yhteytt\u00e4 &hellip; <a href=\"https:\/\/puustiset.com\/index.php\/toiminta\/\" class=\"more-link\">Jatka lukemista<span class=\"screen-reader-text\"> &#8221;Seuran tarkoitus ja toiminta&#8221;<\/span><\/a><\/p>\n","protected":false},"author":1,"featured_media":0,"parent":0,"menu_order":0,"comment_status":"closed","ping_status":"closed","template":"","meta":{"footnotes":""},"class_list":["post-15","page","type-page","status-publish","hentry"],"_links":{"self":[{"href":"https:\/\/puustiset.com\/index.php\/wp-json\/wp\/v2\/pages\/15","targetHints":{"allow":["GET"]}}],"collection":[{"href":"https:\/\/puustiset.com\/index.php\/wp-json\/wp\/v2\/pages"}],"about":[{"href":"https:\/\/puustiset.com\/index.php\/wp-json\/wp\/v2\/types\/page"}],"author":[{"embeddable":true,"href":"https:\/\/puustiset.com\/index.php\/wp-json\/wp\/v2\/users\/1"}],"replies":[{"embeddable":true,"href":"https:\/\/puustiset.com\/index.php\/wp-json\/wp\/v2\/comments?post=15"}],"version-history":[{"count":7,"href":"https:\/\/puustiset.com\/index.php\/wp-json\/wp\/v2\/pages\/15\/revisions"}],"predecessor-version":[{"id":585,"href":"https:\/\/puustiset.com\/index.php\/wp-json\/wp\/v2\/pages\/15\/revisions\/585"}],"wp:attachment":[{"href":"https:\/\/puustiset.com\/index.php\/wp-json\/wp\/v2\/media?parent=15"}],"curies":[{"name":"wp","href":"https:\/\/api.w.org\/{rel}","templated":true}]}}